{"id":373,"date":"2015-10-01T13:25:37","date_gmt":"2015-10-01T10:25:37","guid":{"rendered":"http:\/\/www.izmirguzelsanatlarmerkezi.com\/?page_id=373"},"modified":"2015-10-01T13:25:37","modified_gmt":"2015-10-01T10:25:37","slug":"iletisim","status":"publish","type":"page","link":"http:\/\/www.izmirguzelsanatlarmerkezi.com\/index.php\/iletisim\/","title":{"rendered":"\u0130LET\u0130\u015e\u0130M"},"content":{"rendered":"<h1><span style=\"color: #e2e2e2;\">\u0130leti\u015fim<\/span><\/h1>\n<h3><span style=\"color: #e2e2e2;\">\u0130zmir G\u00fczel Sanatlar Merkezi<\/span><\/h3>\n<h5><span style=\"color: #e2e2e2;\">Adres: 1735 Sokak Numara 218 Bostanl\u0131 \/ \u0130ZM\u0130R \/ T\u00dcRK\u0130YE<\/span><\/h5>\n<h5><span style=\"color: #e2e2e2;\">Telefon: +90 (232) 330 98 22<\/span><\/h5>\n<h5><span style=\"color: #e2e2e2;\">Telefon: +90 (232) 337 05 01<\/span><\/h5>\n<h5><span style=\"color: #e2e2e2;\">E-posta: info@izmirguzelsanatlarmerkezi.com<\/span><\/h5>\n<h5><span style=\"color: #e2e2e2;\">E-posta: izmirguzelsanatlarmerkezi@hotmail.com<\/span><\/h5>\n<h3><span style=\"color: #e2e2e2;\">\u0130leti\u015fim Formu<\/span><\/h3>\n<div class=\"contact-area\">\n<form class=\"contact-form\" action=\"\" method=\"post\"><input id=\"name\" tabindex=\"1\" name=\"name\" size=\"22\" type=\"text\" value=\"\" placeholder=\"Ad Soyad\" \/><br \/>\n<input id=\"email\" tabindex=\"2\" name=\"email\" size=\"22\" type=\"text\" value=\"\" placeholder=\"E-posta\" \/><br \/>\n<input id=\"phone\" tabindex=\"3\" name=\"email\" size=\"22\" type=\"text\" value=\"\" placeholder=\"Telefon\" \/><br \/>\n<textarea id=\"message\" tabindex=\"4\" cols=\"39\" name=\"message\" rows=\"7\" placeholder=\"Mesaj\"><\/textarea><input id=\"sendto\" name=\"sendto\" type=\"hidden\" value=\"YOUR EMAIL HERE(Default Admin Email)\" \/><br \/>\n<input id=\"submit\" name=\"submit\" type=\"button\" value=\"G\u00f6nder\" \/><\/form>\n<\/div>\n<p><iframe style=\"border: 0;\" src=\"https:\/\/www.google.com\/maps\/embed?pb=!1m23!1m12!1m3!1d49987.23904958586!2d27.05972539845684!3d38.45988742054819!2m3!1f0!2f0!3f0!3m2!1i1024!2i768!4f13.1!4m8!3e1!4m0!4m5!1s0x14bbd9935a112c9d%3A0x4a55416052f94364!2zw5Z6ZWwgR2FsaXAgw4dldmlrIE3DvHppayBLdXJzdSwgQm9zdGFubMSxLCAzNTU0MCBLYXLFn8SxeWFrYS_EsHptaXI!3m2!1d38.459826!2d27.096632999999997!5e0!3m2!1str!2s!4v1441114718204\" width=\"600\" height=\"450\" frameborder=\"0\" allowfullscreen=\"\"><\/iframe><\/p>\n","protected":false},"excerpt":{"rendered":"<p>\u0130leti\u015fim \u0130zmir G\u00fczel Sanatlar Merkezi Adres: 1735 Sokak Numara 218 Bostanl\u0131 \/ \u0130ZM\u0130R \/ T\u00dcRK\u0130YE Telefon: +90 (232) 330 98 22 Telefon: +90 (232) 337 05 01 E-posta: info@izmirguzelsanatlarmerkezi.com E-posta: izmirguzelsanatlarmerkezi@hotmail.com \u0130leti\u015fim Formu<\/p>\n","protected":false},"author":1,"featured_media":0,"parent":0,"menu_order":0,"comment_status":"closed","ping_status":"closed","template":"","meta":[],"_links":{"self":[{"href":"http:\/\/www.izmirguzelsanatlarmerkezi.com\/index.php\/wp-json\/wp\/v2\/pages\/373"}],"collection":[{"href":"http:\/\/www.izmirguzelsanatlarmerkezi.com\/index.php\/wp-json\/wp\/v2\/pages"}],"about":[{"href":"http:\/\/www.izmirguzelsanatlarmerkezi.com\/index.php\/wp-json\/wp\/v2\/types\/page"}],"author":[{"embeddable":true,"href":"http:\/\/www.izmirguzelsanatlarmerkezi.com\/index.php\/wp-json\/wp\/v2\/users\/1"}],"replies":[{"embeddable":true,"href":"http:\/\/www.izmirguzelsanatlarmerkezi.com\/index.php\/wp-json\/wp\/v2\/comments?post=373"}],"version-history":[{"count":1,"href":"http:\/\/www.izmirguzelsanatlarmerkezi.com\/index.php\/wp-json\/wp\/v2\/pages\/373\/revisions"}],"predecessor-version":[{"id":374,"href":"http:\/\/www.izmirguzelsanatlarmerkezi.com\/index.php\/wp-json\/wp\/v2\/pages\/373\/revisions\/374"}],"wp:attachment":[{"href":"http:\/\/www.izmirguzelsanatlarmerkezi.com\/index.php\/wp-json\/wp\/v2\/media?parent=373"}],"curies":[{"name":"wp","href":"https:\/\/api.w.org\/{rel}","templated":true}]}}